{"id":2013,"date":"2024-04-26T15:10:26","date_gmt":"2024-04-26T13:10:26","guid":{"rendered":"https:\/\/museodiffusolentatesulseveso.it\/?page_id=2013"},"modified":"2024-05-20T10:37:29","modified_gmt":"2024-05-20T08:37:29","slug":"oratorio-di-mocchirolo","status":"publish","type":"page","link":"https:\/\/museodiffusolentatesulseveso.it\/?page_id=2013","title":{"rendered":"Oratorio di Mocchirolo"},"content":{"rendered":"\t\t<div data-elementor-type=\"wp-page\" data-elementor-id=\"2013\" class=\"elementor elementor-2013\">\n\t\t\t\t\t\t<section class=\"elementor-section elementor-top-section elementor-element elementor-element-0920a69 elementor-section-boxed elementor-section-height-default elementor-section-height-default\" data-id=\"0920a69\" data-element_type=\"section\" data-e-type=\"section\">\n\t\t\t\t\t\t<div class=\"elementor-container elementor-column-gap-default\">\n\t\t\t\t\t<div class=\"elementor-column elementor-col-100 elementor-top-column elementor-element elementor-element-33b4fbe\" data-id=\"33b4fbe\" data-element_type=\"column\" data-e-type=\"column\">\n\t\t\t<div class=\"elementor-widget-wrap elementor-element-populated\">\n\t\t\t\t\t\t<div class=\"elementor-element elementor-element-018bf6c elementor-widget elementor-widget-text-editor\" data-id=\"018bf6c\" data-element_type=\"widget\" data-e-type=\"widget\" data-widget_type=\"text-editor.default\">\n\t\t\t\t<div class=\"elementor-widget-container\">\n\t\t\t\t\t\t\t\t\t<p>Bene architettonico vincolato, l&#8217;Oratorio di Mocchirolo fu fatto costruire nella seconda met\u00e0 del XIV secolo dal funzionario visconteo Lanfranco Porro e dedicato alla Nativit\u00e0 di Maria. Gli affreschi che ricoprivano il presbiterio, attribuiti a Pietro da Nova, sono in stile gotico lombardo di ispirazione giottesca e rappresentano una delle pi\u00f9 importanti testimonianze dell&#8217;arte lombarda del periodo. Nel 1949, minacciati dal degrado, furono strappati e ricollocati alla Pinacoteca di Brera, ove sono tutt&#8217;ora visitabili. Dal 2000 l&#8217;oratorio presenta una riproduzione fotografica degli affreschi a grandezza naturale. Tutt&#8217;oggi aperta al culto, la chiesetta \u00e8 di propriet\u00e0 del Comune di Lentate sul Seveso ed \u00e8 gestita dall&#8217;Associazione Oratorio di Mocchirolo, volta alla valorizzazione del bene.<br><br>Oratorio di Mocchirolo<br>Via per Mocchirolo, 42<br>Lentate sul Seveso<\/p>\t\t\t\t\t\t\t\t<\/div>\n\t\t\t\t<\/div>\n\t\t\t\t\t<\/div>\n\t\t<\/div>\n\t\t\t\t\t<\/div>\n\t\t<\/section>\n\t\t\t\t<\/div>\n\t\t","protected":false},"excerpt":{"rendered":"<p>Bene architettonico vincolato, l&#8217;Oratorio di Mocchirolo fu fatto costruire nella seconda met\u00e0 del XIV secolo dal funzionario visconteo Lanfranco Porro e dedicato alla Nativit\u00e0 di Maria. Gli affreschi che ricoprivano il presbiterio, attribuiti a Pietro da Nova, sono in stile gotico lombardo di ispirazione giottesca e rappresentano una delle pi\u00f9 importanti testimonianze dell&#8217;arte lombarda del [&hellip;]<\/p>\n","protected":false},"author":1,"featured_media":0,"parent":1986,"menu_order":0,"comment_status":"closed","ping_status":"closed","template":"","meta":{"footnotes":""},"class_list":["post-2013","page","type-page","status-publish","hentry"],"_links":{"self":[{"href":"https:\/\/museodiffusolentatesulseveso.it\/index.php?rest_route=\/wp\/v2\/pages\/2013","targetHints":{"allow":["GET"]}}],"collection":[{"href":"https:\/\/museodiffusolentatesulseveso.it\/index.php?rest_route=\/wp\/v2\/pages"}],"about":[{"href":"https:\/\/museodiffusolentatesulseveso.it\/index.php?rest_route=\/wp\/v2\/types\/page"}],"author":[{"embeddable":true,"href":"https:\/\/museodiffusolentatesulseveso.it\/index.php?rest_route=\/wp\/v2\/users\/1"}],"replies":[{"embeddable":true,"href":"https:\/\/museodiffusolentatesulseveso.it\/index.php?rest_route=%2Fwp%2Fv2%2Fcomments&post=2013"}],"version-history":[{"count":4,"href":"https:\/\/museodiffusolentatesulseveso.it\/index.php?rest_route=\/wp\/v2\/pages\/2013\/revisions"}],"predecessor-version":[{"id":2017,"href":"https:\/\/museodiffusolentatesulseveso.it\/index.php?rest_route=\/wp\/v2\/pages\/2013\/revisions\/2017"}],"up":[{"embeddable":true,"href":"https:\/\/museodiffusolentatesulseveso.it\/index.php?rest_route=\/wp\/v2\/pages\/1986"}],"wp:attachment":[{"href":"https:\/\/museodiffusolentatesulseveso.it\/index.php?rest_route=%2Fwp%2Fv2%2Fmedia&parent=2013"}],"curies":[{"name":"wp","href":"https:\/\/api.w.org\/{rel}","templated":true}]}}