{"id":457,"date":"2022-02-11T10:50:16","date_gmt":"2022-02-11T09:50:16","guid":{"rendered":"http:\/\/museodiffusolentatesulseveso.it\/?page_id=457"},"modified":"2022-02-22T10:33:55","modified_gmt":"2022-02-22T09:33:55","slug":"la-roggia-porro-poi-di-desio-e-la-valle-dei-mulini","status":"publish","type":"page","link":"https:\/\/museodiffusolentatesulseveso.it\/?page_id=457","title":{"rendered":"La roggia Porro, poi di Desio e la valle dei mulini"},"content":{"rendered":"\t\t<div data-elementor-type=\"wp-page\" data-elementor-id=\"457\" class=\"elementor elementor-457\">\n\t\t\t\t\t\t<section class=\"elementor-section elementor-top-section elementor-element elementor-element-de5cdb2 elementor-section-boxed elementor-section-height-default elementor-section-height-default\" data-id=\"de5cdb2\" data-element_type=\"section\" data-e-type=\"section\">\n\t\t\t\t\t\t<div class=\"elementor-container elementor-column-gap-default\">\n\t\t\t\t\t<div class=\"elementor-column elementor-col-100 elementor-top-column elementor-element elementor-element-c1f0d41\" data-id=\"c1f0d41\" data-element_type=\"column\" data-e-type=\"column\">\n\t\t\t<div class=\"elementor-widget-wrap elementor-element-populated\">\n\t\t\t\t\t\t<div class=\"elementor-element elementor-element-2d81f51 elementor-widget elementor-widget-text-editor\" data-id=\"2d81f51\" data-element_type=\"widget\" data-e-type=\"widget\" data-widget_type=\"text-editor.default\">\n\t\t\t\t<div class=\"elementor-widget-container\">\n\t\t\t\t\t\t\t\t\t<p>Prima che fosse denominata di Desio, l\u2019antica roggia nel tratto di Lentate era gi\u00e0 in funzione ai primi del Trecento, quanto era utilizzata per muovere le ruote dei mulini, perlopi\u00f9 controllati se non di propriet\u00e0 di vari membri della famiglia Porro. La roggia e il Seveso servivano anche per irrigare i prati, ricevendo acqua soprattutto nella stagione fredda, per consentire cos\u00ec un numero pi\u00f9 elevato di tagli durante l\u2019anno e quindi una rendita pi\u00f9 cospicua.<\/p>\t\t\t\t\t\t\t\t<\/div>\n\t\t\t\t<\/div>\n\t\t\t\t\t<\/div>\n\t\t<\/div>\n\t\t\t\t\t<\/div>\n\t\t<\/section>\n\t\t\t\t<section class=\"elementor-section elementor-top-section elementor-element elementor-element-6dad2ee elementor-section-boxed elementor-section-height-default elementor-section-height-default\" data-id=\"6dad2ee\" data-element_type=\"section\" data-e-type=\"section\">\n\t\t\t\t\t\t<div class=\"elementor-container elementor-column-gap-default\">\n\t\t\t\t\t<div class=\"elementor-column elementor-col-100 elementor-top-column elementor-element elementor-element-800daa5\" data-id=\"800daa5\" data-element_type=\"column\" data-e-type=\"column\">\n\t\t\t<div class=\"elementor-widget-wrap elementor-element-populated\">\n\t\t\t\t\t\t<div class=\"elementor-element elementor-element-8a67736 elementor-widget elementor-widget-image\" data-id=\"8a67736\" data-element_type=\"widget\" data-e-type=\"widget\" data-widget_type=\"image.default\">\n\t\t\t\t<div class=\"elementor-widget-container\">\n\t\t\t\t\t\t\t\t\t\t\t\t\t\t\t<img fetchpriority=\"high\" decoding=\"async\" width=\"795\" height=\"603\" src=\"https:\/\/museodiffusolentatesulseveso.it\/wp-content\/uploads\/2022\/02\/roggia_porro.png\" class=\"attachment-large size-large wp-image-471\" alt=\"\" srcset=\"https:\/\/museodiffusolentatesulseveso.it\/wp-content\/uploads\/2022\/02\/roggia_porro.png 795w, https:\/\/museodiffusolentatesulseveso.it\/wp-content\/uploads\/2022\/02\/roggia_porro-300x228.png 300w, https:\/\/museodiffusolentatesulseveso.it\/wp-content\/uploads\/2022\/02\/roggia_porro-768x583.png 768w\" sizes=\"(max-width: 795px) 100vw, 795px\" \/>\t\t\t\t\t\t\t\t\t\t\t\t\t\t\t<\/div>\n\t\t\t\t<\/div>\n\t\t\t\t\t<\/div>\n\t\t<\/div>\n\t\t\t\t\t<\/div>\n\t\t<\/section>\n\t\t\t\t<\/div>\n\t\t","protected":false},"excerpt":{"rendered":"<p>Prima che fosse denominata di Desio, l\u2019antica roggia nel tratto di Lentate era gi\u00e0 in funzione ai primi del Trecento, quanto era utilizzata per muovere le ruote dei mulini, perlopi\u00f9 controllati se non di propriet\u00e0 di vari membri della famiglia Porro. La roggia e il Seveso servivano anche per irrigare i prati, ricevendo acqua soprattutto [&hellip;]<\/p>\n","protected":false},"author":1,"featured_media":0,"parent":0,"menu_order":0,"comment_status":"closed","ping_status":"closed","template":"","meta":{"footnotes":""},"class_list":["post-457","page","type-page","status-publish","hentry"],"_links":{"self":[{"href":"https:\/\/museodiffusolentatesulseveso.it\/index.php?rest_route=\/wp\/v2\/pages\/457","targetHints":{"allow":["GET"]}}],"collection":[{"href":"https:\/\/museodiffusolentatesulseveso.it\/index.php?rest_route=\/wp\/v2\/pages"}],"about":[{"href":"https:\/\/museodiffusolentatesulseveso.it\/index.php?rest_route=\/wp\/v2\/types\/page"}],"author":[{"embeddable":true,"href":"https:\/\/museodiffusolentatesulseveso.it\/index.php?rest_route=\/wp\/v2\/users\/1"}],"replies":[{"embeddable":true,"href":"https:\/\/museodiffusolentatesulseveso.it\/index.php?rest_route=%2Fwp%2Fv2%2Fcomments&post=457"}],"version-history":[{"count":7,"href":"https:\/\/museodiffusolentatesulseveso.it\/index.php?rest_route=\/wp\/v2\/pages\/457\/revisions"}],"predecessor-version":[{"id":855,"href":"https:\/\/museodiffusolentatesulseveso.it\/index.php?rest_route=\/wp\/v2\/pages\/457\/revisions\/855"}],"wp:attachment":[{"href":"https:\/\/museodiffusolentatesulseveso.it\/index.php?rest_route=%2Fwp%2Fv2%2Fmedia&parent=457"}],"curies":[{"name":"wp","href":"https:\/\/api.w.org\/{rel}","templated":true}]}}