{"id":475,"date":"2022-02-11T10:54:40","date_gmt":"2022-02-11T09:54:40","guid":{"rendered":"http:\/\/museodiffusolentatesulseveso.it\/?page_id=475"},"modified":"2022-02-18T14:30:13","modified_gmt":"2022-02-18T13:30:13","slug":"stefano-porro","status":"publish","type":"page","link":"https:\/\/museodiffusolentatesulseveso.it\/?page_id=475","title":{"rendered":"Stefano Porro"},"content":{"rendered":"\t\t<div data-elementor-type=\"wp-page\" data-elementor-id=\"475\" class=\"elementor elementor-475\">\n\t\t\t\t\t\t<section class=\"elementor-section elementor-top-section elementor-element elementor-element-f9c8f5b elementor-section-boxed elementor-section-height-default elementor-section-height-default\" data-id=\"f9c8f5b\" data-element_type=\"section\" data-e-type=\"section\">\n\t\t\t\t\t\t<div class=\"elementor-container elementor-column-gap-default\">\n\t\t\t\t\t<div class=\"elementor-column elementor-col-100 elementor-top-column elementor-element elementor-element-2757c8a\" data-id=\"2757c8a\" data-element_type=\"column\" data-e-type=\"column\">\n\t\t\t<div class=\"elementor-widget-wrap elementor-element-populated\">\n\t\t\t\t\t\t<div class=\"elementor-element elementor-element-be11cac elementor-widget elementor-widget-text-editor\" data-id=\"be11cac\" data-element_type=\"widget\" data-e-type=\"widget\" data-widget_type=\"text-editor.default\">\n\t\t\t\t<div class=\"elementor-widget-container\">\n\t\t\t\t\t\t\t\t\t<p>Il <strong>conte Stefano<\/strong>, figlio di Beltramo e di una Visconti, visse principalmente a Milano, seguendo l\u2019ascesa dei Visconti e in particolare di Galeazzo, di cui fu principale ministro (segretario) e ambasciatore.<\/p><p>Funzionario imperiale e conte palatino per volont\u00e0 di Carlo IV di Boemia, Stefano viaggi\u00f2 molto, toccando quasi tutte le capitali delle signorie padane.<\/p><p>Presente anche a Praga e soprattutto a Pavia, Stefano, con tutta probabilit\u00e0, rintracci\u00f2 i diversi libri delle leggende di santo Stefano che riun\u00ec in un\u2019unica storia, commissionandone la <em>mise en page<\/em> e quindi la narrazione attraverso gli affreschi presenti nell\u2019<strong>oratorio di Santo Stefano<\/strong>.<\/p><p>Dei suoi tre figli, folta fu la discendenza di Galeazzo I che continua sino ai giorni nostri. Altri rami noti sono: quello del <strong>castello di Lentate<\/strong>, quello di <strong>villa Porro<\/strong> che si estinse negli Odescalchi e negli Olginati e quindi nei <strong>Raimondi di Birago<\/strong>, infine, quello che \u00e8 tuttora fiorente e che ha aggiunto al cognome Porro, quello degli <strong>Schiaffinati,<\/strong>al quale appartengono gli attuali proprietari dell\u2019oratorio di Santo Stefano, Anna e Stefania Porro.<\/p>\t\t\t\t\t\t\t\t<\/div>\n\t\t\t\t<\/div>\n\t\t\t\t\t<\/div>\n\t\t<\/div>\n\t\t\t\t\t<\/div>\n\t\t<\/section>\n\t\t\t\t<section class=\"elementor-section elementor-top-section elementor-element elementor-element-9dcc388 elementor-section-boxed elementor-section-height-default elementor-section-height-default\" data-id=\"9dcc388\" data-element_type=\"section\" data-e-type=\"section\">\n\t\t\t\t\t\t<div class=\"elementor-container elementor-column-gap-default\">\n\t\t\t\t\t<div class=\"elementor-column elementor-col-100 elementor-top-column elementor-element elementor-element-8ec8ce6\" data-id=\"8ec8ce6\" data-element_type=\"column\" data-e-type=\"column\">\n\t\t\t<div class=\"elementor-widget-wrap elementor-element-populated\">\n\t\t\t\t\t\t<div class=\"elementor-element elementor-element-b2dc6f6 elementor-widget elementor-widget-image\" data-id=\"b2dc6f6\" data-element_type=\"widget\" data-e-type=\"widget\" data-widget_type=\"image.default\">\n\t\t\t\t<div class=\"elementor-widget-container\">\n\t\t\t\t\t\t\t\t\t\t\t\t\t\t\t<img fetchpriority=\"high\" decoding=\"async\" width=\"328\" height=\"309\" src=\"https:\/\/museodiffusolentatesulseveso.it\/wp-content\/uploads\/2022\/02\/Stefano_Porro.jpg\" class=\"attachment-large size-large wp-image-482\" alt=\"\" srcset=\"https:\/\/museodiffusolentatesulseveso.it\/wp-content\/uploads\/2022\/02\/Stefano_Porro.jpg 328w, https:\/\/museodiffusolentatesulseveso.it\/wp-content\/uploads\/2022\/02\/Stefano_Porro-300x283.jpg 300w\" sizes=\"(max-width: 328px) 100vw, 328px\" \/>\t\t\t\t\t\t\t\t\t\t\t\t\t\t\t<\/div>\n\t\t\t\t<\/div>\n\t\t\t\t\t<\/div>\n\t\t<\/div>\n\t\t\t\t\t<\/div>\n\t\t<\/section>\n\t\t\t\t<\/div>\n\t\t","protected":false},"excerpt":{"rendered":"<p>Il conte Stefano, figlio di Beltramo e di una Visconti, visse principalmente a Milano, seguendo l\u2019ascesa dei Visconti e in particolare di Galeazzo, di cui fu principale ministro (segretario) e ambasciatore. Funzionario imperiale e conte palatino per volont\u00e0 di Carlo IV di Boemia, Stefano viaggi\u00f2 molto, toccando quasi tutte le capitali delle signorie padane. Presente [&hellip;]<\/p>\n","protected":false},"author":1,"featured_media":0,"parent":0,"menu_order":0,"comment_status":"closed","ping_status":"closed","template":"","meta":{"footnotes":""},"class_list":["post-475","page","type-page","status-publish","hentry"],"_links":{"self":[{"href":"https:\/\/museodiffusolentatesulseveso.it\/index.php?rest_route=\/wp\/v2\/pages\/475","targetHints":{"allow":["GET"]}}],"collection":[{"href":"https:\/\/museodiffusolentatesulseveso.it\/index.php?rest_route=\/wp\/v2\/pages"}],"about":[{"href":"https:\/\/museodiffusolentatesulseveso.it\/index.php?rest_route=\/wp\/v2\/types\/page"}],"author":[{"embeddable":true,"href":"https:\/\/museodiffusolentatesulseveso.it\/index.php?rest_route=\/wp\/v2\/users\/1"}],"replies":[{"embeddable":true,"href":"https:\/\/museodiffusolentatesulseveso.it\/index.php?rest_route=%2Fwp%2Fv2%2Fcomments&post=475"}],"version-history":[{"count":4,"href":"https:\/\/museodiffusolentatesulseveso.it\/index.php?rest_route=\/wp\/v2\/pages\/475\/revisions"}],"predecessor-version":[{"id":788,"href":"https:\/\/museodiffusolentatesulseveso.it\/index.php?rest_route=\/wp\/v2\/pages\/475\/revisions\/788"}],"wp:attachment":[{"href":"https:\/\/museodiffusolentatesulseveso.it\/index.php?rest_route=%2Fwp%2Fv2%2Fmedia&parent=475"}],"curies":[{"name":"wp","href":"https:\/\/api.w.org\/{rel}","templated":true}]}}