{"id":495,"date":"2022-02-11T11:02:31","date_gmt":"2022-02-11T10:02:31","guid":{"rendered":"http:\/\/museodiffusolentatesulseveso.it\/?page_id=495"},"modified":"2022-04-11T08:58:55","modified_gmt":"2022-04-11T06:58:55","slug":"le-ville-valdettaroe-franchini","status":"publish","type":"page","link":"https:\/\/museodiffusolentatesulseveso.it\/?page_id=495","title":{"rendered":"Le ville Valdettaro e Franchini"},"content":{"rendered":"\t\t<div data-elementor-type=\"wp-page\" data-elementor-id=\"495\" class=\"elementor elementor-495\">\n\t\t\t\t\t\t<section class=\"elementor-section elementor-top-section elementor-element elementor-element-c382e76 elementor-section-boxed elementor-section-height-default elementor-section-height-default\" data-id=\"c382e76\" data-element_type=\"section\" data-e-type=\"section\">\n\t\t\t\t\t\t<div class=\"elementor-container elementor-column-gap-default\">\n\t\t\t\t\t<div class=\"elementor-column elementor-col-100 elementor-top-column elementor-element elementor-element-5cc5af9\" data-id=\"5cc5af9\" data-element_type=\"column\" data-e-type=\"column\">\n\t\t\t<div class=\"elementor-widget-wrap elementor-element-populated\">\n\t\t\t\t\t\t<div class=\"elementor-element elementor-element-d5b9bfd elementor-widget elementor-widget-text-editor\" data-id=\"d5b9bfd\" data-element_type=\"widget\" data-e-type=\"widget\" data-widget_type=\"text-editor.default\">\n\t\t\t\t<div class=\"elementor-widget-container\">\n\t\t\t\t\t\t\t\t\t<p>L\u2019origine delle due ville, Merelli ora Valdettaro e Bussola oggi Franchini, fu probabilmente la stessa. Nel Settecento un grosso compendio immobiliare apparteneva ad un ramo dei Porro, dai quali pass\u00f2 in buona parte all\u2019impresario teatrale Bartolomeo Merelli e in piccola parte al barone Ferdinando Porro.<\/p><p>Villa Valdettaro insiste sull\u2019ultimo lembo del pianalto di Lentate, dominando il declivio della collina che scende nella valle del torrente Seveso. Dell\u2019originaria struttura poco \u00e8 noto, certo \u00e8 che Bartolomeo Merelli fece ricostruzioni e ampliamenti tanto da regalare alla vista dei suoi contemporanei un imponente edificio con le sembianze di castello. Un\u2019alta torre si stagliava ancora nel panorama lentatese ai primi del Novecento, ma poi croll\u00f2, forse per il peso della struttura. Ricca di collezioni e decorazioni, la villa ospit\u00f2 numerose personalit\u00e0 del tempo e quasi certamente anche la regina Elena, in visita a Lentate con la regina madre Margherita di Savoia, venute a Lentate per visitare l\u2019oratorio di Santo Stefano e incontrare il generale <strong>Thaon de Revel<\/strong>.<\/p><p>Nel 1825 a levante della chiesa dedicata ai <strong>santi Cosma e Damiano<\/strong> stava il giardino del barone Ferdinando Porro che ivi possedeva una piccola, ma ricca dimora. Il 5.12.1869 il beneficio ecclesiastico divent\u00f2 propriet\u00e0 dell\u2019Avv. Antonio Angeloni. Quest\u2019ultimo il 16.1.1874 vendette il compendio immobiliare a G. Giacomo Puricelli Guerra che era anche divenuto proprietario dell\u2019attigua villa (ora Franchini). Il 2.6.1883 la propriet\u00e0 pass\u00f2 a Leopoldina <strong>Bussola<\/strong> Simonetta, poi al marito Emmanuele e al figlio Luigi, infine, appunto ai signori Franchini.<\/p><p>Ma chi fu il barone <strong>Ferdinando Porro<\/strong> di cui si \u00e8 fatto cenno?<\/p><p>Ferdinando Porro di Lentate, appartenente a un ramo minore della famiglia, fu commissario di Polizia a Mantova durante l&#8217;assedio del 1799, poi viceprefetto a Menaggio, segretario generale del dipartimento dell&#8217;Adige e prefetto a Padova. Fu quindi creato barone e decorato della corona ferrea da Napoleone Bonaparte. In una sua lettera del 26 dicembre 1822, datata da Lentate, scriveva al Volta, manifestando il desiderio \u201cdi erigere un monumento al grand&#8217;Uomo\u201d (cio\u00e8 ad Antonio Canova, ndr), da poco scomparso. Altre notizie di lui, quando saranno messe in ordine, ci permetteranno anche di far luce sulla storia di un angolo di Lentate un po\u2019 misterioso e poco accessibile, ma sicuramente affascinante.<\/p>\t\t\t\t\t\t\t\t<\/div>\n\t\t\t\t<\/div>\n\t\t\t\t\t<\/div>\n\t\t<\/div>\n\t\t\t\t\t<\/div>\n\t\t<\/section>\n\t\t\t\t<section class=\"elementor-section elementor-top-section elementor-element elementor-element-bb74944 elementor-section-boxed elementor-section-height-default elementor-section-height-default\" data-id=\"bb74944\" data-element_type=\"section\" data-e-type=\"section\">\n\t\t\t\t\t\t<div class=\"elementor-container elementor-column-gap-default\">\n\t\t\t\t\t<div class=\"elementor-column elementor-col-50 elementor-top-column elementor-element elementor-element-043bd1c\" data-id=\"043bd1c\" data-element_type=\"column\" data-e-type=\"column\">\n\t\t\t<div class=\"elementor-widget-wrap elementor-element-populated\">\n\t\t\t\t\t\t<div class=\"elementor-element elementor-element-06806d2 elementor-widget elementor-widget-image\" data-id=\"06806d2\" data-element_type=\"widget\" data-e-type=\"widget\" data-widget_type=\"image.default\">\n\t\t\t\t<div class=\"elementor-widget-container\">\n\t\t\t\t\t\t\t\t\t\t\t\t\t\t\t<img fetchpriority=\"high\" decoding=\"async\" width=\"163\" height=\"311\" src=\"https:\/\/museodiffusolentatesulseveso.it\/wp-content\/uploads\/2022\/02\/ville_Valdettaroe_Franchini.png\" class=\"attachment-large size-large wp-image-497\" alt=\"\" srcset=\"https:\/\/museodiffusolentatesulseveso.it\/wp-content\/uploads\/2022\/02\/ville_Valdettaroe_Franchini.png 163w, https:\/\/museodiffusolentatesulseveso.it\/wp-content\/uploads\/2022\/02\/ville_Valdettaroe_Franchini-157x300.png 157w\" sizes=\"(max-width: 163px) 100vw, 163px\" \/>\t\t\t\t\t\t\t\t\t\t\t\t\t\t\t<\/div>\n\t\t\t\t<\/div>\n\t\t\t\t\t<\/div>\n\t\t<\/div>\n\t\t\t\t<div class=\"elementor-column elementor-col-50 elementor-top-column elementor-element elementor-element-f9d6608\" data-id=\"f9d6608\" data-element_type=\"column\" data-e-type=\"column\">\n\t\t\t<div class=\"elementor-widget-wrap elementor-element-populated\">\n\t\t\t\t\t\t<div class=\"elementor-element elementor-element-3a46356 elementor-widget elementor-widget-image\" data-id=\"3a46356\" data-element_type=\"widget\" data-e-type=\"widget\" data-widget_type=\"image.default\">\n\t\t\t\t<div class=\"elementor-widget-container\">\n\t\t\t\t\t\t\t\t\t\t\t\t\t\t\t<img decoding=\"async\" width=\"300\" height=\"298\" src=\"https:\/\/museodiffusolentatesulseveso.it\/wp-content\/uploads\/2022\/02\/ville_Valdettaroe_Franchini_2-300x298.png\" class=\"attachment-medium size-medium wp-image-498\" alt=\"\" srcset=\"https:\/\/museodiffusolentatesulseveso.it\/wp-content\/uploads\/2022\/02\/ville_Valdettaroe_Franchini_2-300x298.png 300w, https:\/\/museodiffusolentatesulseveso.it\/wp-content\/uploads\/2022\/02\/ville_Valdettaroe_Franchini_2-80x80.png 80w, https:\/\/museodiffusolentatesulseveso.it\/wp-content\/uploads\/2022\/02\/ville_Valdettaroe_Franchini_2-768x763.png 768w, https:\/\/museodiffusolentatesulseveso.it\/wp-content\/uploads\/2022\/02\/ville_Valdettaroe_Franchini_2.png 845w\" sizes=\"(max-width: 300px) 100vw, 300px\" \/>\t\t\t\t\t\t\t\t\t\t\t\t\t\t\t<\/div>\n\t\t\t\t<\/div>\n\t\t\t\t\t<\/div>\n\t\t<\/div>\n\t\t\t\t\t<\/div>\n\t\t<\/section>\n\t\t\t\t<\/div>\n\t\t","protected":false},"excerpt":{"rendered":"<p>L\u2019origine delle due ville, Merelli ora Valdettaro e Bussola oggi Franchini, fu probabilmente la stessa. Nel Settecento un grosso compendio immobiliare apparteneva ad un ramo dei Porro, dai quali pass\u00f2 in buona parte all\u2019impresario teatrale Bartolomeo Merelli e in piccola parte al barone Ferdinando Porro. Villa Valdettaro insiste sull\u2019ultimo lembo del pianalto di Lentate, dominando [&hellip;]<\/p>\n","protected":false},"author":1,"featured_media":0,"parent":0,"menu_order":0,"comment_status":"closed","ping_status":"closed","template":"","meta":{"footnotes":""},"class_list":["post-495","page","type-page","status-publish","hentry"],"_links":{"self":[{"href":"https:\/\/museodiffusolentatesulseveso.it\/index.php?rest_route=\/wp\/v2\/pages\/495","targetHints":{"allow":["GET"]}}],"collection":[{"href":"https:\/\/museodiffusolentatesulseveso.it\/index.php?rest_route=\/wp\/v2\/pages"}],"about":[{"href":"https:\/\/museodiffusolentatesulseveso.it\/index.php?rest_route=\/wp\/v2\/types\/page"}],"author":[{"embeddable":true,"href":"https:\/\/museodiffusolentatesulseveso.it\/index.php?rest_route=\/wp\/v2\/users\/1"}],"replies":[{"embeddable":true,"href":"https:\/\/museodiffusolentatesulseveso.it\/index.php?rest_route=%2Fwp%2Fv2%2Fcomments&post=495"}],"version-history":[{"count":15,"href":"https:\/\/museodiffusolentatesulseveso.it\/index.php?rest_route=\/wp\/v2\/pages\/495\/revisions"}],"predecessor-version":[{"id":1240,"href":"https:\/\/museodiffusolentatesulseveso.it\/index.php?rest_route=\/wp\/v2\/pages\/495\/revisions\/1240"}],"wp:attachment":[{"href":"https:\/\/museodiffusolentatesulseveso.it\/index.php?rest_route=%2Fwp%2Fv2%2Fmedia&parent=495"}],"curies":[{"name":"wp","href":"https:\/\/api.w.org\/{rel}","templated":true}]}}