{"id":590,"date":"2022-02-15T18:25:26","date_gmt":"2022-02-15T17:25:26","guid":{"rendered":"http:\/\/museodiffusolentatesulseveso.it\/?page_id=590"},"modified":"2025-02-12T15:41:14","modified_gmt":"2025-02-12T14:41:14","slug":"maria-farnetti","status":"publish","type":"page","link":"https:\/\/museodiffusolentatesulseveso.it\/?page_id=590","title":{"rendered":"Maria Farneti"},"content":{"rendered":"\t\t<div data-elementor-type=\"wp-page\" data-elementor-id=\"590\" class=\"elementor elementor-590\">\n\t\t\t\t\t\t<section class=\"elementor-section elementor-top-section elementor-element elementor-element-fb7ccb5 elementor-section-boxed elementor-section-height-default elementor-section-height-default\" data-id=\"fb7ccb5\" data-element_type=\"section\" data-e-type=\"section\">\n\t\t\t\t\t\t<div class=\"elementor-container elementor-column-gap-default\">\n\t\t\t\t\t<div class=\"elementor-column elementor-col-100 elementor-top-column elementor-element elementor-element-60ea826\" data-id=\"60ea826\" data-element_type=\"column\" data-e-type=\"column\">\n\t\t\t<div class=\"elementor-widget-wrap elementor-element-populated\">\n\t\t\t\t\t\t<div class=\"elementor-element elementor-element-615be00 elementor-widget elementor-widget-text-editor\" data-id=\"615be00\" data-element_type=\"widget\" data-e-type=\"widget\" data-widget_type=\"text-editor.default\">\n\t\t\t\t<div class=\"elementor-widget-container\">\n\t\t\t\t\t\t\t\t\t<p>(Forl\u00ec, 8 dicembre 1877 \u2013 San Varano di Forl\u00ec, 17 ottobre 1955)<\/p><p>Tra le due guerre del Novecento, parte della tenuta Clerici, pervenuta ai Ginami de Licini, fu acquistata dall\u2019Avv. Riboldi anche per conto della moglie Maria Farneti, nota cantante lirica che raggiunse Copreno allorch\u00e9 si ritir\u00f2 dalle scene. Il suo repertorio comprendeva opere di Mascagni e Puccini e di altri importanti autori. Tra i suoi ruoli pi\u00f9 celebri figurano quelli di Isabeau (di cui fu la prima interprete nel ruolo della protagonista) e di Iris nelle opere omonime, nella Madama Butterfly di Puccini. Maria ospit\u00f2 pi\u00f9 volte a Copreno il famoso maestro Toscanini e altre personalit\u00e0 del tempo.<\/p><p>\u00a0<\/p><p>\u00a0<\/p>\t\t\t\t\t\t\t\t<\/div>\n\t\t\t\t<\/div>\n\t\t\t\t\t<\/div>\n\t\t<\/div>\n\t\t\t\t\t<\/div>\n\t\t<\/section>\n\t\t\t\t<section class=\"elementor-section elementor-top-section elementor-element elementor-element-7cbd8d4 elementor-section-boxed elementor-section-height-default elementor-section-height-default\" data-id=\"7cbd8d4\" data-element_type=\"section\" data-e-type=\"section\">\n\t\t\t\t\t\t<div class=\"elementor-container elementor-column-gap-default\">\n\t\t\t\t\t<div class=\"elementor-column elementor-col-100 elementor-top-column elementor-element elementor-element-0316dfe\" data-id=\"0316dfe\" data-element_type=\"column\" data-e-type=\"column\">\n\t\t\t<div class=\"elementor-widget-wrap elementor-element-populated\">\n\t\t\t\t\t\t<div class=\"elementor-element elementor-element-ef855e6 elementor-widget elementor-widget-image\" data-id=\"ef855e6\" data-element_type=\"widget\" data-e-type=\"widget\" data-widget_type=\"image.default\">\n\t\t\t\t<div class=\"elementor-widget-container\">\n\t\t\t\t\t\t\t\t\t\t\t\t\t\t\t<img fetchpriority=\"high\" decoding=\"async\" width=\"768\" height=\"496\" src=\"https:\/\/museodiffusolentatesulseveso.it\/wp-content\/uploads\/2022\/02\/farneti-768x496.png\" class=\"attachment-medium_large size-medium_large wp-image-592\" alt=\"\" srcset=\"https:\/\/museodiffusolentatesulseveso.it\/wp-content\/uploads\/2022\/02\/farneti-768x496.png 768w, https:\/\/museodiffusolentatesulseveso.it\/wp-content\/uploads\/2022\/02\/farneti-300x194.png 300w, https:\/\/museodiffusolentatesulseveso.it\/wp-content\/uploads\/2022\/02\/farneti.png 1007w\" sizes=\"(max-width: 768px) 100vw, 768px\" \/>\t\t\t\t\t\t\t\t\t\t\t\t\t\t\t<\/div>\n\t\t\t\t<\/div>\n\t\t\t\t\t<\/div>\n\t\t<\/div>\n\t\t\t\t\t<\/div>\n\t\t<\/section>\n\t\t\t\t<section class=\"elementor-section elementor-top-section elementor-element elementor-element-115c6a3 elementor-section-boxed elementor-section-height-default elementor-section-height-default\" data-id=\"115c6a3\" data-element_type=\"section\" data-e-type=\"section\">\n\t\t\t\t\t\t<div class=\"elementor-container elementor-column-gap-default\">\n\t\t\t\t\t<div class=\"elementor-column elementor-col-50 elementor-top-column elementor-element elementor-element-83f3d67\" data-id=\"83f3d67\" data-element_type=\"column\" data-e-type=\"column\">\n\t\t\t<div class=\"elementor-widget-wrap elementor-element-populated\">\n\t\t\t\t\t\t<div class=\"elementor-element elementor-element-ad1964c elementor-widget elementor-widget-image\" data-id=\"ad1964c\" data-element_type=\"widget\" data-e-type=\"widget\" data-widget_type=\"image.default\">\n\t\t\t\t<div class=\"elementor-widget-container\">\n\t\t\t\t\t\t\t\t\t\t\t\t\t\t\t<img decoding=\"async\" width=\"680\" height=\"693\" src=\"https:\/\/museodiffusolentatesulseveso.it\/wp-content\/uploads\/2022\/02\/farneti2.png\" class=\"attachment-large size-large wp-image-593\" alt=\"\" srcset=\"https:\/\/museodiffusolentatesulseveso.it\/wp-content\/uploads\/2022\/02\/farneti2.png 680w, https:\/\/museodiffusolentatesulseveso.it\/wp-content\/uploads\/2022\/02\/farneti2-294x300.png 294w\" sizes=\"(max-width: 680px) 100vw, 680px\" \/>\t\t\t\t\t\t\t\t\t\t\t\t\t\t\t<\/div>\n\t\t\t\t<\/div>\n\t\t\t\t\t<\/div>\n\t\t<\/div>\n\t\t\t\t<div class=\"elementor-column elementor-col-50 elementor-top-column elementor-element elementor-element-8b6dffb\" data-id=\"8b6dffb\" data-element_type=\"column\" data-e-type=\"column\">\n\t\t\t<div class=\"elementor-widget-wrap elementor-element-populated\">\n\t\t\t\t\t\t<div class=\"elementor-element elementor-element-714a1fd elementor-widget elementor-widget-image\" data-id=\"714a1fd\" data-element_type=\"widget\" data-e-type=\"widget\" data-widget_type=\"image.default\">\n\t\t\t\t<div class=\"elementor-widget-container\">\n\t\t\t\t\t\t\t\t\t\t\t\t\t\t\t<img decoding=\"async\" width=\"302\" height=\"255\" src=\"https:\/\/museodiffusolentatesulseveso.it\/wp-content\/uploads\/2022\/02\/farneti3.png\" class=\"attachment-large size-large wp-image-594\" alt=\"\" srcset=\"https:\/\/museodiffusolentatesulseveso.it\/wp-content\/uploads\/2022\/02\/farneti3.png 302w, https:\/\/museodiffusolentatesulseveso.it\/wp-content\/uploads\/2022\/02\/farneti3-300x253.png 300w\" sizes=\"(max-width: 302px) 100vw, 302px\" \/>\t\t\t\t\t\t\t\t\t\t\t\t\t\t\t<\/div>\n\t\t\t\t<\/div>\n\t\t\t\t\t<\/div>\n\t\t<\/div>\n\t\t\t\t\t<\/div>\n\t\t<\/section>\n\t\t\t\t<section class=\"elementor-section elementor-top-section elementor-element elementor-element-7ffddb4 elementor-section-boxed elementor-section-height-default elementor-section-height-default\" data-id=\"7ffddb4\" data-element_type=\"section\" data-e-type=\"section\">\n\t\t\t\t\t\t<div class=\"elementor-container elementor-column-gap-default\">\n\t\t\t\t\t<div class=\"elementor-column elementor-col-100 elementor-top-column elementor-element elementor-element-9e20c08\" data-id=\"9e20c08\" data-element_type=\"column\" data-e-type=\"column\">\n\t\t\t<div class=\"elementor-widget-wrap elementor-element-populated\">\n\t\t\t\t\t\t<div class=\"elementor-element elementor-element-5973f3e elementor-widget elementor-widget-text-editor\" data-id=\"5973f3e\" data-element_type=\"widget\" data-e-type=\"widget\" data-widget_type=\"text-editor.default\">\n\t\t\t\t<div class=\"elementor-widget-container\">\n\t\t\t\t\t\t\t\t\t<video controls=\"\" height=\"auto\" width=\"100%\"><source src=\"https:\/\/www.hlservizicloud.it\/pgt\/sites\/default\/files\/users\/108054\/VIDEO-MUSEO\/Chiesa%20introduzione_319.mp4\" type=\"video\/mp4\" \/> Your browser does not support the video tag.<\/video>\n\t\t\t\t\t\t\t\t<\/div>\n\t\t\t\t<\/div>\n\t\t\t\t\t<\/div>\n\t\t<\/div>\n\t\t\t\t\t<\/div>\n\t\t<\/section>\n\t\t\t\t<\/div>\n\t\t","protected":false},"excerpt":{"rendered":"<p>(Forl\u00ec, 8 dicembre 1877 \u2013 San Varano di Forl\u00ec, 17 ottobre 1955) Tra le due guerre del Novecento, parte della tenuta Clerici, pervenuta ai Ginami de Licini, fu acquistata dall\u2019Avv. Riboldi anche per conto della moglie Maria Farneti, nota cantante lirica che raggiunse Copreno allorch\u00e9 si ritir\u00f2 dalle scene. Il suo repertorio comprendeva opere di [&hellip;]<\/p>\n","protected":false},"author":1,"featured_media":0,"parent":0,"menu_order":0,"comment_status":"closed","ping_status":"closed","template":"","meta":{"footnotes":""},"class_list":["post-590","page","type-page","status-publish","hentry"],"_links":{"self":[{"href":"https:\/\/museodiffusolentatesulseveso.it\/index.php?rest_route=\/wp\/v2\/pages\/590","targetHints":{"allow":["GET"]}}],"collection":[{"href":"https:\/\/museodiffusolentatesulseveso.it\/index.php?rest_route=\/wp\/v2\/pages"}],"about":[{"href":"https:\/\/museodiffusolentatesulseveso.it\/index.php?rest_route=\/wp\/v2\/types\/page"}],"author":[{"embeddable":true,"href":"https:\/\/museodiffusolentatesulseveso.it\/index.php?rest_route=\/wp\/v2\/users\/1"}],"replies":[{"embeddable":true,"href":"https:\/\/museodiffusolentatesulseveso.it\/index.php?rest_route=%2Fwp%2Fv2%2Fcomments&post=590"}],"version-history":[{"count":13,"href":"https:\/\/museodiffusolentatesulseveso.it\/index.php?rest_route=\/wp\/v2\/pages\/590\/revisions"}],"predecessor-version":[{"id":2079,"href":"https:\/\/museodiffusolentatesulseveso.it\/index.php?rest_route=\/wp\/v2\/pages\/590\/revisions\/2079"}],"wp:attachment":[{"href":"https:\/\/museodiffusolentatesulseveso.it\/index.php?rest_route=%2Fwp%2Fv2%2Fmedia&parent=590"}],"curies":[{"name":"wp","href":"https:\/\/api.w.org\/{rel}","templated":true}]}}